{"id":15,"date":"2014-12-02T22:32:54","date_gmt":"2014-12-02T22:32:54","guid":{"rendered":"http:\/\/wp.youxithemes.com\/shiroi-hana\/?page_id=15"},"modified":"2023-11-10T16:47:13","modified_gmt":"2023-11-10T15:47:13","slug":"about-me","status":"publish","type":"page","link":"https:\/\/www.metsens.fr\/blog\/about-me\/","title":{"rendered":"A propos de MetSens"},"content":{"rendered":"<figure id=\"attachment_226\" aria-describedby=\"caption-attachment-226\" style=\"width: 400px\" class=\"wp-caption alignleft\"><img loading=\"lazy\" decoding=\"async\" class=\"wp-image-226\" title=\"metsens traiteur a marseille depuis 2009\" src=\"http:\/\/www.metsens.fr\/blog\/wp-content\/uploads\/2014\/12\/640x1500pxl.jpg\" alt=\"\" width=\"400\" height=\"750\" \/><figcaption id=\"caption-attachment-226\" class=\"wp-caption-text\">MetSens Boutiques &amp; Traiteur<\/figcaption><\/figure>\n<p>A la t\u00eate de ce concept culinaire, Thomas Arnaud, globe-trotteur, entrepreneur curieux, passionn\u00e9 par les produits artisanaux et une sensibilit\u00e9 accrue au savoir-faire.<\/p>\n<p>Il a cr\u00e9\u00e9 des \u00e9crins\u2026 Des lieux originaux, qui vous accueillent dans leurs espaces restaurations install\u00e9s au c\u0153ur de leurs \u00e9piceries-traiteur, en vous r\u00e9galant tant les yeux que les papilles.<\/p>\n<p><strong>MetSens, traiteur de qualit\u00e9.<\/strong><\/p>\n<p>C\u2019est \u00e9galement un v\u00e9ritable traiteur \u00e9v\u00e8nementiel, que ce soit par exemple lors d\u2019un cocktail d\u00eenatoire o\u00f9 des p\u00e2tes flambent dans une \u00e9norme meule de parmesan,\u00a0 ou encore d\u2019un mariage champ\u00eatre au banquet color\u00e9 de l\u00e9gumes marin\u00e9s.<\/p>\n<p>M\u00eame quand il s\u2019agit d\u2019organiser un pique-nique, \u00ab\u00a0<em>avec de vraies nappes et serviettes en tissu, \u00e0 carreaux \u00e9videmment\u00a0!\u00a0\u00bb<\/em>, le produit prime et la pr\u00e9sentation n\u2019est pas en reste\u00a0!<\/p>\n<h4>MetSens, les boutiques.<\/h4>\n<p>Chez MetSens avenue du Mar\u00e9chal Foch, une vieille balance rouge donne le ton dans la vitrine\u00a0: la d\u00e9co clairement orient\u00e9e chic et r\u00e9tro participe \u00e0 la mise en app\u00e9tit.<\/p>\n<p>De l\u2019ancienne boucherie seule la banque r\u00e9frig\u00e9r\u00e9e a \u00e9t\u00e9 conserv\u00e9e et mise en valeur comme un objet pr\u00e9cieux dans une ambiance \u00e0 dominante noire et beige.<\/p>\n<p>Quand \u00e0 la \u00ab\u00a0bistrot-boutique\u00a0\u00bb\u00a0 des Terrasses du port, les murs habill\u00e9s de briquettes blanches sont par\u00e9s de photos de voyage, tandis que le sol mixe des carreaux de ciment et du parquet en bois massif.\u00a0 Toujours \u00ab\u00a0r\u00e9tro chic\u00a0\u00bb avec un ton industriel, qui rend votre repas forc\u00e9ment sympathique\u2026<\/p>\n<p>MetSens c\u2019est donc avant tout une cuisine artisanale mais raffin\u00e9e, joliment pr\u00e9sent\u00e9e, qui allie qualit\u00e9 et savoir faire, autour de traditions gustatives m\u00e9diterran\u00e9ennes, sublim\u00e9es d\u2019inspirations \u00e9trang\u00e8res et de voyages.<\/p>\n<p>C\u2019est aussi une \u00e9quipe qui vous accueille chaleureusement et avec attention.<\/p>\n<blockquote><p><em>\u00ab\u00a0 Donner un coup de jeune \u00e0 la boutique traiteur, en lui accordant des airs de Delicatessen\u00a0\u00bb.<\/em><\/p><\/blockquote>\n","protected":false},"excerpt":{"rendered":"<p>A la t\u00eate de ce concept culinaire, Thomas Arnaud, globe-trotteur, entrepreneur curieux, passionn\u00e9 par les produits artisanaux et une sensibilit\u00e9 accrue au savoir-faire. Il a &hellip; <\/p>\n","protected":false},"author":1,"featured_media":0,"parent":0,"menu_order":0,"comment_status":"open","ping_status":"open","template":"","meta":{"_monsterinsights_skip_tracking":false,"_monsterinsights_sitenote_active":false,"_monsterinsights_sitenote_note":"","_monsterinsights_sitenote_category":0,"footnotes":""},"yoast_head":"<!-- This site is optimized with the Yoast SEO plugin v21.7 - https:\/\/yoast.com\/wordpress\/plugins\/seo\/ -->\n<title>A propos de MetSens - actualit\u00e9s<\/title>\n<meta name=\"robots\" content=\"index, follow, max-snippet:-1, max-image-preview:large, max-video-preview:-1\" \/>\n<link rel=\"canonical\" href=\"http:\/\/www.metsens.fr\/blog\/about-me\/\" \/>\n<meta property=\"og:locale\" content=\"fr_FR\" \/>\n<meta property=\"og:type\" content=\"article\" \/>\n<meta property=\"og:title\" content=\"A propos de MetSens - actualit\u00e9s\" \/>\n<meta property=\"og:description\" content=\"A la t\u00eate de ce concept culinaire, Thomas Arnaud, globe-trotteur, entrepreneur curieux, passionn\u00e9 par les produits artisanaux et une sensibilit\u00e9 accrue au savoir-faire. Il a &hellip;\" \/>\n<meta property=\"og:url\" content=\"http:\/\/www.metsens.fr\/blog\/about-me\/\" \/>\n<meta property=\"og:site_name\" content=\"actualit\u00e9s\" \/>\n<meta property=\"article:modified_time\" content=\"2023-11-10T15:47:13+00:00\" \/>\n<meta property=\"og:image\" content=\"http:\/\/www.metsens.fr\/blog\/wp-content\/uploads\/2014\/12\/640x1500pxl.jpg\" \/>\n<meta name=\"twitter:label1\" content=\"Dur\u00e9e de lecture estim\u00e9e\" \/>\n\t<meta name=\"twitter:data1\" content=\"2 minutes\" \/>\n<script type=\"application\/ld+json\" class=\"yoast-schema-graph\">{\"@context\":\"https:\/\/schema.org\",\"@graph\":[{\"@type\":\"WebPage\",\"@id\":\"http:\/\/www.metsens.fr\/blog\/about-me\/\",\"url\":\"http:\/\/www.metsens.fr\/blog\/about-me\/\",\"name\":\"A propos de MetSens - actualit\u00e9s\",\"isPartOf\":{\"@id\":\"https:\/\/www.metsens.fr\/blog\/#website\"},\"datePublished\":\"2014-12-02T22:32:54+00:00\",\"dateModified\":\"2023-11-10T15:47:13+00:00\",\"breadcrumb\":{\"@id\":\"http:\/\/www.metsens.fr\/blog\/about-me\/#breadcrumb\"},\"inLanguage\":\"fr-FR\",\"potentialAction\":[{\"@type\":\"ReadAction\",\"target\":[\"http:\/\/www.metsens.fr\/blog\/about-me\/\"]}]},{\"@type\":\"BreadcrumbList\",\"@id\":\"http:\/\/www.metsens.fr\/blog\/about-me\/#breadcrumb\",\"itemListElement\":[{\"@type\":\"ListItem\",\"position\":1,\"name\":\"Accueil\",\"item\":\"https:\/\/www.metsens.fr\/blog\/\"},{\"@type\":\"ListItem\",\"position\":2,\"name\":\"A propos de MetSens\"}]},{\"@type\":\"WebSite\",\"@id\":\"https:\/\/www.metsens.fr\/blog\/#website\",\"url\":\"https:\/\/www.metsens.fr\/blog\/\",\"name\":\"Actualit\u00e9s de Metsens traiteur \u00e0 marseille\",\"description\":\"Metsens Traiteur \u00e0 Marseille depuis 2009\",\"publisher\":{\"@id\":\"https:\/\/www.metsens.fr\/blog\/#organization\"},\"potentialAction\":[{\"@type\":\"SearchAction\",\"target\":{\"@type\":\"EntryPoint\",\"urlTemplate\":\"https:\/\/www.metsens.fr\/blog\/?s={search_term_string}\"},\"query-input\":\"required name=search_term_string\"}],\"inLanguage\":\"fr-FR\"},{\"@type\":\"Organization\",\"@id\":\"https:\/\/www.metsens.fr\/blog\/#organization\",\"name\":\"Metsens traiteur marseille\",\"url\":\"https:\/\/www.metsens.fr\/blog\/\",\"logo\":{\"@type\":\"ImageObject\",\"inLanguage\":\"fr-FR\",\"@id\":\"https:\/\/www.metsens.fr\/blog\/#\/schema\/logo\/image\/\",\"url\":\"https:\/\/www.metsens.fr\/blog\/wp-content\/uploads\/2015\/03\/cropped-logo-traiteur-marseille1.png\",\"contentUrl\":\"https:\/\/www.metsens.fr\/blog\/wp-content\/uploads\/2015\/03\/cropped-logo-traiteur-marseille1.png\",\"width\":234,\"height\":147,\"caption\":\"Metsens traiteur marseille\"},\"image\":{\"@id\":\"https:\/\/www.metsens.fr\/blog\/#\/schema\/logo\/image\/\"}}]}<\/script>\n<!-- \/ Yoast SEO plugin. -->","yoast_head_json":{"title":"A propos de MetSens - actualit\u00e9s","robots":{"index":"index","follow":"follow","max-snippet":"max-snippet:-1","max-image-preview":"max-image-preview:large","max-video-preview":"max-video-preview:-1"},"canonical":"http:\/\/www.metsens.fr\/blog\/about-me\/","og_locale":"fr_FR","og_type":"article","og_title":"A propos de MetSens - actualit\u00e9s","og_description":"A la t\u00eate de ce concept culinaire, Thomas Arnaud, globe-trotteur, entrepreneur curieux, passionn\u00e9 par les produits artisanaux et une sensibilit\u00e9 accrue au savoir-faire. Il a &hellip;","og_url":"http:\/\/www.metsens.fr\/blog\/about-me\/","og_site_name":"actualit\u00e9s","article_modified_time":"2023-11-10T15:47:13+00:00","og_image":[{"url":"http:\/\/www.metsens.fr\/blog\/wp-content\/uploads\/2014\/12\/640x1500pxl.jpg"}],"twitter_misc":{"Dur\u00e9e de lecture estim\u00e9e":"2 minutes"},"schema":{"@context":"https:\/\/schema.org","@graph":[{"@type":"WebPage","@id":"http:\/\/www.metsens.fr\/blog\/about-me\/","url":"http:\/\/www.metsens.fr\/blog\/about-me\/","name":"A propos de MetSens - actualit\u00e9s","isPartOf":{"@id":"https:\/\/www.metsens.fr\/blog\/#website"},"datePublished":"2014-12-02T22:32:54+00:00","dateModified":"2023-11-10T15:47:13+00:00","breadcrumb":{"@id":"http:\/\/www.metsens.fr\/blog\/about-me\/#breadcrumb"},"inLanguage":"fr-FR","potentialAction":[{"@type":"ReadAction","target":["http:\/\/www.metsens.fr\/blog\/about-me\/"]}]},{"@type":"BreadcrumbList","@id":"http:\/\/www.metsens.fr\/blog\/about-me\/#breadcrumb","itemListElement":[{"@type":"ListItem","position":1,"name":"Accueil","item":"https:\/\/www.metsens.fr\/blog\/"},{"@type":"ListItem","position":2,"name":"A propos de MetSens"}]},{"@type":"WebSite","@id":"https:\/\/www.metsens.fr\/blog\/#website","url":"https:\/\/www.metsens.fr\/blog\/","name":"Actualit\u00e9s de Metsens traiteur \u00e0 marseille","description":"Metsens Traiteur \u00e0 Marseille depuis 2009","publisher":{"@id":"https:\/\/www.metsens.fr\/blog\/#organization"},"potentialAction":[{"@type":"SearchAction","target":{"@type":"EntryPoint","urlTemplate":"https:\/\/www.metsens.fr\/blog\/?s={search_term_string}"},"query-input":"required name=search_term_string"}],"inLanguage":"fr-FR"},{"@type":"Organization","@id":"https:\/\/www.metsens.fr\/blog\/#organization","name":"Metsens traiteur marseille","url":"https:\/\/www.metsens.fr\/blog\/","logo":{"@type":"ImageObject","inLanguage":"fr-FR","@id":"https:\/\/www.metsens.fr\/blog\/#\/schema\/logo\/image\/","url":"https:\/\/www.metsens.fr\/blog\/wp-content\/uploads\/2015\/03\/cropped-logo-traiteur-marseille1.png","contentUrl":"https:\/\/www.metsens.fr\/blog\/wp-content\/uploads\/2015\/03\/cropped-logo-traiteur-marseille1.png","width":234,"height":147,"caption":"Metsens traiteur marseille"},"image":{"@id":"https:\/\/www.metsens.fr\/blog\/#\/schema\/logo\/image\/"}}]}},"_links":{"self":[{"href":"https:\/\/www.metsens.fr\/blog\/wp-json\/wp\/v2\/pages\/15"}],"collection":[{"href":"https:\/\/www.metsens.fr\/blog\/wp-json\/wp\/v2\/pages"}],"about":[{"href":"https:\/\/www.metsens.fr\/blog\/wp-json\/wp\/v2\/types\/page"}],"author":[{"embeddable":true,"href":"https:\/\/www.metsens.fr\/blog\/wp-json\/wp\/v2\/users\/1"}],"replies":[{"embeddable":true,"href":"https:\/\/www.metsens.fr\/blog\/wp-json\/wp\/v2\/comments?post=15"}],"version-history":[{"count":11,"href":"https:\/\/www.metsens.fr\/blog\/wp-json\/wp\/v2\/pages\/15\/revisions"}],"predecessor-version":[{"id":1223,"href":"https:\/\/www.metsens.fr\/blog\/wp-json\/wp\/v2\/pages\/15\/revisions\/1223"}],"wp:attachment":[{"href":"https:\/\/www.metsens.fr\/blog\/wp-json\/wp\/v2\/media?parent=15"}],"curies":[{"name":"wp","href":"https:\/\/api.w.org\/{rel}","templated":true}]}}